{"id":266,"date":"2016-09-21T20:13:23","date_gmt":"2016-09-21T19:13:23","guid":{"rendered":"http:\/\/www.kleio-interactive.com\/?page_id=266"},"modified":"2016-09-21T20:16:34","modified_gmt":"2016-09-21T19:16:34","slug":"dice-master","status":"publish","type":"page","link":"https:\/\/www.kleio-interactive.com\/?page_id=266","title":{"rendered":"Dice Master"},"content":{"rendered":"<p>Passionn\u00e9 de jeux de guerre, de jeux de plateau ou de jeux de r\u00f4le, l&rsquo;application Dice Master est faite pour vous.<\/p>\n<p>Plus besoin de savoir quels d\u00e9s prendre pour sa partie, plus de risque d&rsquo;oubli, Dice Master permet de cr\u00e9er des d\u00e9s au nombre de faces quasi infini et avec n&rsquo;importe quelle valeur num\u00e9rique ou texte et de les regrouper dans des sacs en fonction des besoins.<\/p>\n<p>Devenez le ma\u00eetre des d\u00e9s en ayant toujours vos d\u00e9s \u00e0 port\u00e9e de mains gr\u00e2ce \u00e0 Dice Master.<\/p>\n<p>Dice Master est une application accessible, compatible avec Voice Over.<\/p>\n<p>Fonctionnalit\u00e9s\u00a0:<\/p>\n<ul>\n<li>s\u00e9lection et lancement du d\u00e9<\/li>\n<li>cr\u00e9ation, modification et suppression de d\u00e9s<\/li>\n<li>cr\u00e9ation, modification, s\u00e9lection et suppression de sacs de d\u00e9s<\/li>\n<li>accessibilit\u00e9 avec support Voice Over<\/li>\n<\/ul>\n<p>Langues actuellement disponibles<\/p>\n<ul>\n<li>fran\u00e7ais<\/li>\n<li>anglais<\/li>\n<\/ul>\n<p>Disponible sur :<\/p>\n<p><a href=\"https:\/\/itunes.apple.com\/fr\/app\/dice-master\/id1125928716?l=fr&#038;ls=1&#038;mt=8#\"> <img src=\"http:\/\/www.kleio-interactive.com\/wp-content\/uploads\/2016\/09\/Download_on_the_App_Store_Badge_FR_135x40.png\" alt=\"T\u00e9l\u00e9charger sur l'App Store\" \/><br \/>\n<\/a><\/p>\n<p>Captures d&rsquo;\u00e9cran de la version iPhone<\/p>\n<div class=\"flagallery phantom_skin\" id=\"FlaGallery_sc3_10\" style='width:1242;'><style type=\"text\/css\" class=\"flagallery_skin_style_import\">#FlaGallery_sc3_10 .flagPhantom_ThumbContainer {width:200px; height:180px;}#FlaGallery_sc3_10 .flagPhantom_MobileView .flagPhantom_ThumbContainer {width:150px; height:135px;}#FlaGallery_sc3_10 .flagPhantom_Container {margin-left:auto;margin-right:auto;}#FlaGallery_sc3_10 .flagPhantom_ThumbContainer {margin:8px 0 0 8px;}#FlaGallery_sc3_10 .flagPhantom_ThumbContainer {padding:2px;}#FlaGallery_sc3_10 .flagPhantom_LabelBottom .flagPhantom_ThumbContainer {padding-bottom:36px;}#FlaGallery_sc3_10 .flagPhantom_ThumbContainer,#FlaGallery_sc3_10 .flagPhantom_LabelBottom .flagPhantom_ThumbLabel {background-color:#ffffff;}#FlaGallery_sc3_10 .flagPhantom_ThumbContainer .flagPhantom_Thumb {opacity:0.9;}#FlaGallery_sc3_10 .flagPhantom_ThumbContainer:hover .flagPhantom_Thumb {opacity:1;}#FlaGallery_sc3_10 .flagPhantom_ThumbContainer {border:1px solid #cccccc;}#FlaGallery_sc3_10 .flagPhantom_ThumbContainer {box-shadow:0 0 5px -2px #cccccc;}#FlaGallery_sc3_10 .flagPhantom_ThumbLabel {color:#0b0b0b;}#FlaGallery_sc3_10 .flagPhantom_ThumbLabel a {color:#3695E7;}#FlaGallery_sc3_10 .flagPhantom_LabelInside .flagPhantom_ThumbLabel,#FlaGallery_sc3_10 .flagPhantom_LabelHover .flagPhantom_ThumbLabel {color:#ffffff;}#FlaGallery_sc3_10 .flagPhantom_LabelInside .flagPhantom_ThumbLabel a,#FlaGallery_sc3_10 .flagPhantom_LabelHover .flagPhantom_ThumbLabel a,#FlaGallery_sc3_10 .flagPhantom_LabelInside .flagPhantom_ThumbLabel a:hover,#FlaGallery_sc3_10 .flagPhantom_LabelHover .flagPhantom_ThumbLabel a:hover {color:#e7e179;}<\/style> <div class=\"flagPhantom_Container noLightbox\" style=\"opacity:0\"> <h3>Dice Master pour iPhone (Fran\u00e7ais)<\/h3> <div class=\"flagPhantom_thumbsWrapper flagPhantom_ThumbScale flagPhantom_LabelHover\"> <div class=\"flagPhantom_ThumbContainer flagPhantom_ThumbLoader\" data-id=\"137\" data-ratio=\"1\" data-title=\"\" data-views=\"5\" data-likes=\"0\"> <a href=\"https:\/\/www.kleio-interactive.com\/wp-content\/flagallery\/dice-master-for-iphone-english\/webview\/simulator-screen-shot-19-sept-2016-11-03-10.png\" class=\"flagPhantom_Thumb\"><img class=\"noLazy\" src=\"https:\/\/www.kleio-interactive.com\/wp-content\/flagallery\/dice-master-for-iphone-english\/thumbs\/thumbs_simulator-screen-shot-19-sept-2016-11-03-10.png\" data-src=\"https:\/\/www.kleio-interactive.com\/wp-content\/flagallery\/dice-master-for-iphone-english\/webview\/simulator-screen-shot-19-sept-2016-11-03-10.png\" alt=\"\"\/><\/a> <div class=\"flagPhantom_ThumbLabel\"> <span class=\"flagPhantom_ThumbLabel_title\"><\/span><\/div> <div style=\"display:none;\" class=\"flagPhantom_Details\"> <\/div> <\/div> <div class=\"flagPhantom_ThumbContainer flagPhantom_ThumbLoader\" data-id=\"138\" data-ratio=\"1\" data-title=\"\" data-views=\"2\" data-likes=\"0\"> <a href=\"https:\/\/www.kleio-interactive.com\/wp-content\/flagallery\/dice-master-for-iphone-english\/webview\/simulator-screen-shot-19-sept-2016-11-03-19.png\" class=\"flagPhantom_Thumb\"><img class=\"noLazy\" src=\"https:\/\/www.kleio-interactive.com\/wp-content\/flagallery\/dice-master-for-iphone-english\/thumbs\/thumbs_simulator-screen-shot-19-sept-2016-11-03-19.png\" data-src=\"https:\/\/www.kleio-interactive.com\/wp-content\/flagallery\/dice-master-for-iphone-english\/webview\/simulator-screen-shot-19-sept-2016-11-03-19.png\" alt=\"\"\/><\/a> <div class=\"flagPhantom_ThumbLabel\"> <span class=\"flagPhantom_ThumbLabel_title\"><\/span><\/div> <div style=\"display:none;\" class=\"flagPhantom_Details\"> <\/div> <\/div> <div class=\"flagPhantom_ThumbContainer flagPhantom_ThumbLoader\" data-id=\"139\" data-ratio=\"1\" data-title=\"\" data-views=\"1\" data-likes=\"0\"> <a href=\"https:\/\/www.kleio-interactive.com\/wp-content\/flagallery\/dice-master-for-iphone-english\/webview\/simulator-screen-shot-19-sept-2016-11-03-30.png\" class=\"flagPhantom_Thumb\"><img class=\"noLazy\" src=\"https:\/\/www.kleio-interactive.com\/wp-content\/flagallery\/dice-master-for-iphone-english\/thumbs\/thumbs_simulator-screen-shot-19-sept-2016-11-03-30.png\" data-src=\"https:\/\/www.kleio-interactive.com\/wp-content\/flagallery\/dice-master-for-iphone-english\/webview\/simulator-screen-shot-19-sept-2016-11-03-30.png\" alt=\"\"\/><\/a> <div class=\"flagPhantom_ThumbLabel\"> <span class=\"flagPhantom_ThumbLabel_title\"><\/span><\/div> <div style=\"display:none;\" class=\"flagPhantom_Details\"> <\/div> <\/div> <div class=\"flagPhantom_ThumbContainer flagPhantom_ThumbLoader\" data-id=\"140\" data-ratio=\"1\" data-title=\"\" data-views=\"1\" data-likes=\"0\"> <a href=\"https:\/\/www.kleio-interactive.com\/wp-content\/flagallery\/dice-master-for-iphone-english\/webview\/simulator-screen-shot-19-sept-2016-11-03-56.png\" class=\"flagPhantom_Thumb\"><img class=\"noLazy\" src=\"https:\/\/www.kleio-interactive.com\/wp-content\/flagallery\/dice-master-for-iphone-english\/thumbs\/thumbs_simulator-screen-shot-19-sept-2016-11-03-56.png\" data-src=\"https:\/\/www.kleio-interactive.com\/wp-content\/flagallery\/dice-master-for-iphone-english\/webview\/simulator-screen-shot-19-sept-2016-11-03-56.png\" alt=\"\"\/><\/a> <div class=\"flagPhantom_ThumbLabel\"> <span class=\"flagPhantom_ThumbLabel_title\"><\/span><\/div> <div style=\"display:none;\" class=\"flagPhantom_Details\"> <\/div> <\/div> <div class=\"flagPhantom_ThumbContainer flagPhantom_ThumbLoader\" data-id=\"141\" data-ratio=\"1\" data-title=\"\" data-views=\"1\" data-likes=\"0\"> <a href=\"https:\/\/www.kleio-interactive.com\/wp-content\/flagallery\/dice-master-for-iphone-english\/webview\/simulator-screen-shot-19-sept-2016-11-04-03.png\" class=\"flagPhantom_Thumb\"><img class=\"noLazy\" src=\"https:\/\/www.kleio-interactive.com\/wp-content\/flagallery\/dice-master-for-iphone-english\/thumbs\/thumbs_simulator-screen-shot-19-sept-2016-11-04-03.png\" data-src=\"https:\/\/www.kleio-interactive.com\/wp-content\/flagallery\/dice-master-for-iphone-english\/webview\/simulator-screen-shot-19-sept-2016-11-04-03.png\" alt=\"\"\/><\/a> <div class=\"flagPhantom_ThumbLabel\"> <span class=\"flagPhantom_ThumbLabel_title\"><\/span><\/div> <div style=\"display:none;\" class=\"flagPhantom_Details\"> <\/div> <\/div> <div class=\"flagPhantom_ThumbContainer flagPhantom_ThumbLoader\" data-id=\"142\" data-ratio=\"1\" data-title=\"\" data-views=\"3\" data-likes=\"0\"> <a href=\"https:\/\/www.kleio-interactive.com\/wp-content\/flagallery\/dice-master-for-iphone-english\/webview\/simulator-screen-shot-19-sept-2016-11-04-10.png\" class=\"flagPhantom_Thumb\"><img class=\"noLazy\" src=\"https:\/\/www.kleio-interactive.com\/wp-content\/flagallery\/dice-master-for-iphone-english\/thumbs\/thumbs_simulator-screen-shot-19-sept-2016-11-04-10.png\" data-src=\"https:\/\/www.kleio-interactive.com\/wp-content\/flagallery\/dice-master-for-iphone-english\/webview\/simulator-screen-shot-19-sept-2016-11-04-10.png\" alt=\"\"\/><\/a> <div class=\"flagPhantom_ThumbLabel\"> <span class=\"flagPhantom_ThumbLabel_title\"><\/span><\/div> <div style=\"display:none;\" class=\"flagPhantom_Details\"> <\/div> <\/div> <\/div> <\/div> <script type=\"text\/javascript\"> jQuery(function(){ var settings = {\"maxheight\":\"0\",\"thumbCols\":\"0\",\"thumbRows\":\"0\",\"thumbsNavigation\":\"scroll\",\"bgColor\":\"#ffffff\",\"bgAlpha\":\"0\",\"thumbWidth\":\"200\",\"thumbHeight\":\"180\",\"thumbWidthMobile\":\"150\",\"thumbHeightMobile\":\"135\",\"thumbsSpacing\":\"8\",\"thumbsVerticalPadding\":\"4\",\"thumbsHorizontalPadding\":\"4\",\"thumbsAlign\":\"center\",\"thumbScale\":\"1\",\"thumbBG\":\"#ffffff\",\"thumbAlpha\":\"90\",\"thumbAlphaHover\":\"100\",\"thumbBorderSize\":\"1\",\"thumbBorderColor\":\"#cccccc\",\"thumbPadding\":\"2\",\"thumbsInfo\":\"label\",\"labelOnHover\":\"1\",\"labelTextColor\":\"#ffffff\",\"labelLinkColor\":\"#e7e179\",\"label8TextColor\":\"#0b0b0b\",\"label8LinkColor\":\"#3695E7\",\"tooltipTextColor\":\"#0b0b0b\",\"tooltipBgColor\":\"#ffffff\",\"tooltipStrokeColor\":\"#000000\",\"lightboxControlsColor\":\"#ffffff\",\"lightboxTitleColor\":\"#f3f3f3\",\"lightboxTextColor\":\"#f3f3f3\",\"lightboxBGColor\":\"#0b0b0b\",\"lightboxBGAlpha\":\"80\",\"socialShareEnabled\":\"1\",\"deepLinks\":\"1\",\"sidebarBGColor\":\"#ffffff\",\"lightbox800HideArrows\":\"0\",\"viewsEnabled\":\"1\",\"likesEnabled\":\"1\",\"thumb2link\":\"0\",\"show_title\":\"1\",\"initRPdelay\":\"200\",\"key\":\"\",\"name\":\"\",\"mfp_css\":\"\\r\\n#mfp_gm_sc3_10 .mfp-arrow-right:after,\\r\\n#mfp_gm_sc3_10 .mfp-arrow-right .mfp-a {border-left-color:#ffffff;}\\r\\n#mfp_gm_sc3_10 .mfp-arrow-left:after,\\r\\n#mfp_gm_sc3_10 .mfp-arrow-left .mfp-a {border-right-color:#ffffff;}\\r\\n#mfp_gm_sc3_10 .mfp-close,\\r\\n#mfp_gm_sc3_10 .mfp-likes,\\r\\n#mfp_gm_sc3_10 .mfp-share {color:#ffffff;}\\r\\n#mfp_gm_sc3_10 .mfp-preloader {background-color:#ffffff;}\\r\\n#mfp_gm_sc3_10 .flagPhantom_title,\\r\\n#mfp_gm_sc3_10 .mfp-counter {color:#f3f3f3;}\\r\\n#mfp_gm_sc3_10 .flagPhantom_text {color:#f3f3f3;}\\r\\n#mfp_gm_sc3_10_bg.mfp-bg {background-color:#0b0b0b;}\\r\\n#mfp_gm_sc3_10_bg.mfp-bg {opacity:0.8;}\\r\\n#mfp_gm_sc3_10_bg.mfp-zoom-in.mfp-bg {opacity:0}\\r\\n#mfp_gm_sc3_10_bg.mfp-zoom-in.mfp-ready.mfp-bg {opacity:0.8;}\\r\\n#mfp_gm_sc3_10_bg.mfp-zoom-in.mfp-removing.mfp-bg {opacity:0}\"}; jQuery('#FlaGallery_sc3_10').flagPhantom([settings]); }); <\/script><\/div><noscript id=\"noscript_FlaGallery_sc3_10\"><img class=\"skip-lazy no-lazyload noLazy\" data-lazy-src=\"\" src =\"https:\/\/www.kleio-interactive.com\/wp-content\/flagallery\/dice-master-for-iphone-english\/simulator-screen-shot-19-sept-2016-11-03-10.png\" alt=\"\" \/><img class=\"skip-lazy no-lazyload noLazy\" data-lazy-src=\"\" src =\"https:\/\/www.kleio-interactive.com\/wp-content\/flagallery\/dice-master-for-iphone-english\/simulator-screen-shot-19-sept-2016-11-03-19.png\" alt=\"\" \/><img class=\"skip-lazy no-lazyload noLazy\" data-lazy-src=\"\" src =\"https:\/\/www.kleio-interactive.com\/wp-content\/flagallery\/dice-master-for-iphone-english\/simulator-screen-shot-19-sept-2016-11-03-30.png\" alt=\"\" \/><img class=\"skip-lazy no-lazyload noLazy\" data-lazy-src=\"\" src =\"https:\/\/www.kleio-interactive.com\/wp-content\/flagallery\/dice-master-for-iphone-english\/simulator-screen-shot-19-sept-2016-11-03-56.png\" alt=\"\" \/><img class=\"skip-lazy no-lazyload noLazy\" data-lazy-src=\"\" src =\"https:\/\/www.kleio-interactive.com\/wp-content\/flagallery\/dice-master-for-iphone-english\/simulator-screen-shot-19-sept-2016-11-04-03.png\" alt=\"\" \/><img class=\"skip-lazy no-lazyload noLazy\" data-lazy-src=\"\" src =\"https:\/\/www.kleio-interactive.com\/wp-content\/flagallery\/dice-master-for-iphone-english\/simulator-screen-shot-19-sept-2016-11-04-10.png\" alt=\"\" \/><\/noscript>\n<p>Captures d&rsquo;\u00e9cran de la version\u00a0iPad<\/p>\n<p><div class=\"flagallery phantom_skin\" id=\"FlaGallery_sc4_9\" style='width:2048;'><style type=\"text\/css\" class=\"flagallery_skin_style_import\">#FlaGallery_sc4_9 .flagPhantom_ThumbContainer {width:200px; height:180px;}#FlaGallery_sc4_9 .flagPhantom_MobileView .flagPhantom_ThumbContainer {width:150px; height:135px;}#FlaGallery_sc4_9 .flagPhantom_Container {margin-left:auto;margin-right:auto;}#FlaGallery_sc4_9 .flagPhantom_ThumbContainer {margin:8px 0 0 8px;}#FlaGallery_sc4_9 .flagPhantom_ThumbContainer {padding:2px;}#FlaGallery_sc4_9 .flagPhantom_LabelBottom .flagPhantom_ThumbContainer {padding-bottom:36px;}#FlaGallery_sc4_9 .flagPhantom_ThumbContainer,#FlaGallery_sc4_9 .flagPhantom_LabelBottom .flagPhantom_ThumbLabel {background-color:#ffffff;}#FlaGallery_sc4_9 .flagPhantom_ThumbContainer .flagPhantom_Thumb {opacity:0.9;}#FlaGallery_sc4_9 .flagPhantom_ThumbContainer:hover .flagPhantom_Thumb {opacity:1;}#FlaGallery_sc4_9 .flagPhantom_ThumbContainer {border:1px solid #cccccc;}#FlaGallery_sc4_9 .flagPhantom_ThumbContainer {box-shadow:0 0 5px -2px #cccccc;}#FlaGallery_sc4_9 .flagPhantom_ThumbLabel {color:#0b0b0b;}#FlaGallery_sc4_9 .flagPhantom_ThumbLabel a {color:#3695E7;}#FlaGallery_sc4_9 .flagPhantom_LabelInside .flagPhantom_ThumbLabel,#FlaGallery_sc4_9 .flagPhantom_LabelHover .flagPhantom_ThumbLabel {color:#ffffff;}#FlaGallery_sc4_9 .flagPhantom_LabelInside .flagPhantom_ThumbLabel a,#FlaGallery_sc4_9 .flagPhantom_LabelHover .flagPhantom_ThumbLabel a,#FlaGallery_sc4_9 .flagPhantom_LabelInside .flagPhantom_ThumbLabel a:hover,#FlaGallery_sc4_9 .flagPhantom_LabelHover .flagPhantom_ThumbLabel a:hover {color:#e7e179;}<\/style> <div class=\"flagPhantom_Container noLightbox\" style=\"opacity:0\"> <h3>Dice Master pour iPad (Fran\u00e7ais)<\/h3> <div class=\"flagPhantom_thumbsWrapper flagPhantom_ThumbScale flagPhantom_LabelHover\"> <div class=\"flagPhantom_ThumbContainer flagPhantom_ThumbLoader\" data-id=\"131\" data-ratio=\"1\" data-title=\"\" data-views=\"0\" data-likes=\"0\"> <a href=\"https:\/\/www.kleio-interactive.com\/wp-content\/flagallery\/dice-master-for-ios\/webview\/simulator-screen-shot-19-sept-2016-11-44-12.png\" class=\"flagPhantom_Thumb\"><img class=\"noLazy\" src=\"https:\/\/www.kleio-interactive.com\/wp-content\/flagallery\/dice-master-for-ios\/thumbs\/thumbs_simulator-screen-shot-19-sept-2016-11-44-12.png\" data-src=\"https:\/\/www.kleio-interactive.com\/wp-content\/flagallery\/dice-master-for-ios\/webview\/simulator-screen-shot-19-sept-2016-11-44-12.png\" alt=\"\"\/><\/a> <div class=\"flagPhantom_ThumbLabel\"> <span class=\"flagPhantom_ThumbLabel_title\"><\/span><\/div> <div style=\"display:none;\" class=\"flagPhantom_Details\"> <\/div> <\/div> <div class=\"flagPhantom_ThumbContainer flagPhantom_ThumbLoader\" data-id=\"132\" data-ratio=\"1\" data-title=\"\" data-views=\"0\" data-likes=\"0\"> <a href=\"https:\/\/www.kleio-interactive.com\/wp-content\/flagallery\/dice-master-for-ios\/webview\/simulator-screen-shot-19-sept-2016-11-44-23.png\" class=\"flagPhantom_Thumb\"><img class=\"noLazy\" src=\"https:\/\/www.kleio-interactive.com\/wp-content\/flagallery\/dice-master-for-ios\/thumbs\/thumbs_simulator-screen-shot-19-sept-2016-11-44-23.png\" data-src=\"https:\/\/www.kleio-interactive.com\/wp-content\/flagallery\/dice-master-for-ios\/webview\/simulator-screen-shot-19-sept-2016-11-44-23.png\" alt=\"\"\/><\/a> <div class=\"flagPhantom_ThumbLabel\"> <span class=\"flagPhantom_ThumbLabel_title\"><\/span><\/div> <div style=\"display:none;\" class=\"flagPhantom_Details\"> <\/div> <\/div> <div class=\"flagPhantom_ThumbContainer flagPhantom_ThumbLoader\" data-id=\"133\" data-ratio=\"1\" data-title=\"\" data-views=\"0\" data-likes=\"0\"> <a href=\"https:\/\/www.kleio-interactive.com\/wp-content\/flagallery\/dice-master-for-ios\/webview\/simulator-screen-shot-19-sept-2016-11-44-28.png\" class=\"flagPhantom_Thumb\"><img class=\"noLazy\" src=\"https:\/\/www.kleio-interactive.com\/wp-content\/flagallery\/dice-master-for-ios\/thumbs\/thumbs_simulator-screen-shot-19-sept-2016-11-44-28.png\" data-src=\"https:\/\/www.kleio-interactive.com\/wp-content\/flagallery\/dice-master-for-ios\/webview\/simulator-screen-shot-19-sept-2016-11-44-28.png\" alt=\"\"\/><\/a> <div class=\"flagPhantom_ThumbLabel\"> <span class=\"flagPhantom_ThumbLabel_title\"><\/span><\/div> <div style=\"display:none;\" class=\"flagPhantom_Details\"> <\/div> <\/div> <div class=\"flagPhantom_ThumbContainer flagPhantom_ThumbLoader\" data-id=\"134\" data-ratio=\"1\" data-title=\"\" data-views=\"0\" data-likes=\"0\"> <a href=\"https:\/\/www.kleio-interactive.com\/wp-content\/flagallery\/dice-master-for-ios\/webview\/simulator-screen-shot-19-sept-2016-11-44-41.png\" class=\"flagPhantom_Thumb\"><img class=\"noLazy\" src=\"https:\/\/www.kleio-interactive.com\/wp-content\/flagallery\/dice-master-for-ios\/thumbs\/thumbs_simulator-screen-shot-19-sept-2016-11-44-41.png\" data-src=\"https:\/\/www.kleio-interactive.com\/wp-content\/flagallery\/dice-master-for-ios\/webview\/simulator-screen-shot-19-sept-2016-11-44-41.png\" alt=\"\"\/><\/a> <div class=\"flagPhantom_ThumbLabel\"> <span class=\"flagPhantom_ThumbLabel_title\"><\/span><\/div> <div style=\"display:none;\" class=\"flagPhantom_Details\"> <\/div> <\/div> <div class=\"flagPhantom_ThumbContainer flagPhantom_ThumbLoader\" data-id=\"135\" data-ratio=\"1\" data-title=\"\" data-views=\"0\" data-likes=\"0\"> <a href=\"https:\/\/www.kleio-interactive.com\/wp-content\/flagallery\/dice-master-for-ios\/webview\/simulator-screen-shot-19-sept-2016-11-44-59.png\" class=\"flagPhantom_Thumb\"><img class=\"noLazy\" src=\"https:\/\/www.kleio-interactive.com\/wp-content\/flagallery\/dice-master-for-ios\/thumbs\/thumbs_simulator-screen-shot-19-sept-2016-11-44-59.png\" data-src=\"https:\/\/www.kleio-interactive.com\/wp-content\/flagallery\/dice-master-for-ios\/webview\/simulator-screen-shot-19-sept-2016-11-44-59.png\" alt=\"\"\/><\/a> <div class=\"flagPhantom_ThumbLabel\"> <span class=\"flagPhantom_ThumbLabel_title\"><\/span><\/div> <div style=\"display:none;\" class=\"flagPhantom_Details\"> <\/div> <\/div> <div class=\"flagPhantom_ThumbContainer flagPhantom_ThumbLoader\" data-id=\"136\" data-ratio=\"1\" data-title=\"\" data-views=\"0\" data-likes=\"0\"> <a href=\"https:\/\/www.kleio-interactive.com\/wp-content\/flagallery\/dice-master-for-ios\/webview\/simulator-screen-shot-19-sept-2016-11-45-15.png\" class=\"flagPhantom_Thumb\"><img class=\"noLazy\" src=\"https:\/\/www.kleio-interactive.com\/wp-content\/flagallery\/dice-master-for-ios\/thumbs\/thumbs_simulator-screen-shot-19-sept-2016-11-45-15.png\" data-src=\"https:\/\/www.kleio-interactive.com\/wp-content\/flagallery\/dice-master-for-ios\/webview\/simulator-screen-shot-19-sept-2016-11-45-15.png\" alt=\"\"\/><\/a> <div class=\"flagPhantom_ThumbLabel\"> <span class=\"flagPhantom_ThumbLabel_title\"><\/span><\/div> <div style=\"display:none;\" class=\"flagPhantom_Details\"> <\/div> <\/div> <\/div> <\/div> <script type=\"text\/javascript\"> jQuery(function(){ var settings = {\"maxheight\":\"0\",\"thumbCols\":\"0\",\"thumbRows\":\"0\",\"thumbsNavigation\":\"scroll\",\"bgColor\":\"#ffffff\",\"bgAlpha\":\"0\",\"thumbWidth\":\"200\",\"thumbHeight\":\"180\",\"thumbWidthMobile\":\"150\",\"thumbHeightMobile\":\"135\",\"thumbsSpacing\":\"8\",\"thumbsVerticalPadding\":\"4\",\"thumbsHorizontalPadding\":\"4\",\"thumbsAlign\":\"center\",\"thumbScale\":\"1\",\"thumbBG\":\"#ffffff\",\"thumbAlpha\":\"90\",\"thumbAlphaHover\":\"100\",\"thumbBorderSize\":\"1\",\"thumbBorderColor\":\"#cccccc\",\"thumbPadding\":\"2\",\"thumbsInfo\":\"label\",\"labelOnHover\":\"1\",\"labelTextColor\":\"#ffffff\",\"labelLinkColor\":\"#e7e179\",\"label8TextColor\":\"#0b0b0b\",\"label8LinkColor\":\"#3695E7\",\"tooltipTextColor\":\"#0b0b0b\",\"tooltipBgColor\":\"#ffffff\",\"tooltipStrokeColor\":\"#000000\",\"lightboxControlsColor\":\"#ffffff\",\"lightboxTitleColor\":\"#f3f3f3\",\"lightboxTextColor\":\"#f3f3f3\",\"lightboxBGColor\":\"#0b0b0b\",\"lightboxBGAlpha\":\"80\",\"socialShareEnabled\":\"1\",\"deepLinks\":\"1\",\"sidebarBGColor\":\"#ffffff\",\"lightbox800HideArrows\":\"0\",\"viewsEnabled\":\"1\",\"likesEnabled\":\"1\",\"thumb2link\":\"0\",\"show_title\":\"1\",\"initRPdelay\":\"200\",\"key\":\"\",\"name\":\"\",\"mfp_css\":\"\\r\\n#mfp_gm_sc4_9 .mfp-arrow-right:after,\\r\\n#mfp_gm_sc4_9 .mfp-arrow-right .mfp-a {border-left-color:#ffffff;}\\r\\n#mfp_gm_sc4_9 .mfp-arrow-left:after,\\r\\n#mfp_gm_sc4_9 .mfp-arrow-left .mfp-a {border-right-color:#ffffff;}\\r\\n#mfp_gm_sc4_9 .mfp-close,\\r\\n#mfp_gm_sc4_9 .mfp-likes,\\r\\n#mfp_gm_sc4_9 .mfp-share {color:#ffffff;}\\r\\n#mfp_gm_sc4_9 .mfp-preloader {background-color:#ffffff;}\\r\\n#mfp_gm_sc4_9 .flagPhantom_title,\\r\\n#mfp_gm_sc4_9 .mfp-counter {color:#f3f3f3;}\\r\\n#mfp_gm_sc4_9 .flagPhantom_text {color:#f3f3f3;}\\r\\n#mfp_gm_sc4_9_bg.mfp-bg {background-color:#0b0b0b;}\\r\\n#mfp_gm_sc4_9_bg.mfp-bg {opacity:0.8;}\\r\\n#mfp_gm_sc4_9_bg.mfp-zoom-in.mfp-bg {opacity:0}\\r\\n#mfp_gm_sc4_9_bg.mfp-zoom-in.mfp-ready.mfp-bg {opacity:0.8;}\\r\\n#mfp_gm_sc4_9_bg.mfp-zoom-in.mfp-removing.mfp-bg {opacity:0}\"}; jQuery('#FlaGallery_sc4_9').flagPhantom([settings]); }); <\/script><\/div><noscript id=\"noscript_FlaGallery_sc4_9\"><img class=\"skip-lazy no-lazyload noLazy\" data-lazy-src=\"\" src =\"https:\/\/www.kleio-interactive.com\/wp-content\/flagallery\/dice-master-for-ios\/simulator-screen-shot-19-sept-2016-11-44-12.png\" alt=\"\" \/><img class=\"skip-lazy no-lazyload noLazy\" data-lazy-src=\"\" src =\"https:\/\/www.kleio-interactive.com\/wp-content\/flagallery\/dice-master-for-ios\/simulator-screen-shot-19-sept-2016-11-44-23.png\" alt=\"\" \/><img class=\"skip-lazy no-lazyload noLazy\" data-lazy-src=\"\" src =\"https:\/\/www.kleio-interactive.com\/wp-content\/flagallery\/dice-master-for-ios\/simulator-screen-shot-19-sept-2016-11-44-28.png\" alt=\"\" \/><img class=\"skip-lazy no-lazyload noLazy\" data-lazy-src=\"\" src =\"https:\/\/www.kleio-interactive.com\/wp-content\/flagallery\/dice-master-for-ios\/simulator-screen-shot-19-sept-2016-11-44-41.png\" alt=\"\" \/><img class=\"skip-lazy no-lazyload noLazy\" data-lazy-src=\"\" src =\"https:\/\/www.kleio-interactive.com\/wp-content\/flagallery\/dice-master-for-ios\/simulator-screen-shot-19-sept-2016-11-44-59.png\" alt=\"\" \/><img class=\"skip-lazy no-lazyload noLazy\" data-lazy-src=\"\" src =\"https:\/\/www.kleio-interactive.com\/wp-content\/flagallery\/dice-master-for-ios\/simulator-screen-shot-19-sept-2016-11-45-15.png\" alt=\"\" \/><\/noscript><\/p>","protected":false},"excerpt":{"rendered":"<p>Passionn\u00e9 de jeux de guerre, de jeux de plateau ou de jeux de r\u00f4le, l&rsquo;application Dice Master est faite pour vous. Plus besoin de savoir quels d\u00e9s prendre pour sa partie, plus de risque d&rsquo;oubli, Dice Master permet de cr\u00e9er des d\u00e9s au nombre de faces quasi infini et avec n&rsquo;importe quelle valeur num\u00e9rique ou [&hellip;]<\/p>\n","protected":false},"author":1,"featured_media":0,"parent":0,"menu_order":0,"comment_status":"closed","ping_status":"closed","template":"","meta":[],"_links":{"self":[{"href":"https:\/\/www.kleio-interactive.com\/index.php?rest_route=\/wp\/v2\/pages\/266"}],"collection":[{"href":"https:\/\/www.kleio-interactive.com\/index.php?rest_route=\/wp\/v2\/pages"}],"about":[{"href":"https:\/\/www.kleio-interactive.com\/index.php?rest_route=\/wp\/v2\/types\/page"}],"author":[{"embeddable":true,"href":"https:\/\/www.kleio-interactive.com\/index.php?rest_route=\/wp\/v2\/users\/1"}],"replies":[{"embeddable":true,"href":"https:\/\/www.kleio-interactive.com\/index.php?rest_route=%2Fwp%2Fv2%2Fcomments&post=266"}],"version-history":[{"count":2,"href":"https:\/\/www.kleio-interactive.com\/index.php?rest_route=\/wp\/v2\/pages\/266\/revisions"}],"predecessor-version":[{"id":270,"href":"https:\/\/www.kleio-interactive.com\/index.php?rest_route=\/wp\/v2\/pages\/266\/revisions\/270"}],"wp:attachment":[{"href":"https:\/\/www.kleio-interactive.com\/index.php?rest_route=%2Fwp%2Fv2%2Fmedia&parent=266"}],"curies":[{"name":"wp","href":"https:\/\/api.w.org\/{rel}","templated":true}]}}