{"id":23,"date":"2012-08-13T14:49:27","date_gmt":"2012-08-13T13:49:27","guid":{"rendered":"http:\/\/www.kleio-interactive.com\/?page_id=23"},"modified":"2016-11-11T13:53:53","modified_gmt":"2016-11-11T12:53:53","slug":"nelandil-artworks-par-kleio-interactive","status":"publish","type":"page","link":"https:\/\/www.kleio-interactive.com\/?page_id=23","title":{"rendered":"Nelan&rsquo;Dil Artworks (plus disponible)"},"content":{"rendered":"<p>Venez d\u00e9couvrir l&rsquo;univers de Nelan&rsquo;Dil sur l&rsquo;<span style=\"text-decoration: underline;\"><a href=\"http:\/\/itunes.apple.com\/us\/app\/nelandil-artworks\/id541930342?l=fr&#038;ls=1&#038;mt=8\" data-cke-saved-href=\"http:\/\/itunes.apple.com\/us\/app\/nelandil-artworks\/id541930342?l=fr&#038;ls=1&#038;mt=8\">App Store iTunes<\/a><\/span><\/p>\n<p><span style=\"text-decoration: underline;\"><a href=\"http:\/\/itunes.apple.com\/us\/app\/nelandil-artworks\/id541930342?l=fr&#038;ls=1&#038;mt=8\" data-cke-saved-href=\"http:\/\/itunes.apple.com\/us\/app\/nelandil-artworks\/id541930342?l=fr&#038;ls=1&#038;mt=8\">Nelan&rsquo;Dil Artworks<\/a><\/span>\u00a0est la premi\u00e8re application d&rsquo;un projet lanc\u00e9 par Kleio Interactive consistant en une plateforme d&rsquo;expression pour artiste.<\/p>\n<p>Cette application se pr\u00e9sente sous la forme d&rsquo;une biblioth\u00e8que de recueils de dessins ou de photos avec mini jeux.<\/p>\n<p><span style=\"text-decoration: underline;\"><a href=\"http:\/\/itunes.apple.com\/us\/app\/nelandil-artworks\/id541930342?l=fr&#038;ls=1&#038;mt=8\" data-cke-saved-href=\"http:\/\/itunes.apple.com\/us\/app\/nelandil-artworks\/id541930342?l=fr&#038;ls=1&#038;mt=8\">Nelan&rsquo;Dil Artworks<\/a><\/span>\u00a0vous permet de d\u00e9couvrir les oeuvres de l&rsquo;artiste Nelan&rsquo;Dil que vous pouvez retrouver sur :<\/p>\n<ul>\n<li>son blog :\u00a0<a href=\"http:\/\/nelan-dil.blogspot.fr\/\" target=\"_blank\" rel=\"nofollow nofollow\" data-cke-saved-href=\"http:\/\/nelan-dil.blogspot.fr\/\">http:\/\/nelan-dil.blogspot.fr\/<\/a><\/li>\n<li>sur Facebook :\u00a0<a href=\"http:\/\/www.facebook.com\/pages\/NelanDil\/228322397197961\" target=\"_blank\" rel=\"nofollow\" data-cke-saved-href=\"http:\/\/www.facebook.com\/pages\/NelanDil\/228322397197961\">http:\/\/www.facebook.com\/pages\/NelanDil\/228322397197961<\/a><\/li>\n<\/ul>\n<p>De nouveaux recueils seront disponibles \u00e0 l&rsquo;achat au fur et \u00e0 mesure de leur r\u00e9alisation, ainsi que de nouveaux mini-jeux.<\/p>\n<p>Actuellement, l&rsquo;application dispose des langues suivantes :<\/p>\n<ul>\n<li>fran\u00e7ais<\/li>\n<li>anglais<\/li>\n<\/ul>\n<p>D&rsquo;autres langues seront ajout\u00e9es.<\/p>\n<p><div class=\"flagallery phantom_skin\" id=\"FlaGallery_sc2_4\" ><style type=\"text\/css\" class=\"flagallery_skin_style_import\">#FlaGallery_sc2_4 .flagPhantom_ThumbContainer {width:200px; height:180px;}#FlaGallery_sc2_4 .flagPhantom_MobileView .flagPhantom_ThumbContainer {width:150px; height:135px;}#FlaGallery_sc2_4 .flagPhantom_Container {margin-left:auto;margin-right:auto;}#FlaGallery_sc2_4 .flagPhantom_ThumbContainer {margin:8px 0 0 8px;}#FlaGallery_sc2_4 .flagPhantom_ThumbContainer {padding:2px;}#FlaGallery_sc2_4 .flagPhantom_LabelBottom .flagPhantom_ThumbContainer {padding-bottom:36px;}#FlaGallery_sc2_4 .flagPhantom_ThumbContainer,#FlaGallery_sc2_4 .flagPhantom_LabelBottom .flagPhantom_ThumbLabel {background-color:#ffffff;}#FlaGallery_sc2_4 .flagPhantom_ThumbContainer .flagPhantom_Thumb {opacity:0.9;}#FlaGallery_sc2_4 .flagPhantom_ThumbContainer:hover .flagPhantom_Thumb {opacity:1;}#FlaGallery_sc2_4 .flagPhantom_ThumbContainer {border:1px solid #cccccc;}#FlaGallery_sc2_4 .flagPhantom_ThumbContainer {box-shadow:0 0 5px -2px #cccccc;}#FlaGallery_sc2_4 .flagPhantom_ThumbLabel {color:#0b0b0b;}#FlaGallery_sc2_4 .flagPhantom_ThumbLabel a {color:#3695E7;}#FlaGallery_sc2_4 .flagPhantom_LabelInside .flagPhantom_ThumbLabel,#FlaGallery_sc2_4 .flagPhantom_LabelHover .flagPhantom_ThumbLabel {color:#ffffff;}#FlaGallery_sc2_4 .flagPhantom_LabelInside .flagPhantom_ThumbLabel a,#FlaGallery_sc2_4 .flagPhantom_LabelHover .flagPhantom_ThumbLabel a,#FlaGallery_sc2_4 .flagPhantom_LabelInside .flagPhantom_ThumbLabel a:hover,#FlaGallery_sc2_4 .flagPhantom_LabelHover .flagPhantom_ThumbLabel a:hover {color:#e7e179;}<\/style> <div class=\"flagPhantom_Container noLightbox\" style=\"opacity:0\"> <h3>Nelan'Dil Artworks iOS<\/h3> <div class=\"flagPhantom_thumbsWrapper flagPhantom_ThumbScale flagPhantom_LabelHover\"> <\/div> <\/div> <script type=\"text\/javascript\"> jQuery(function(){ var settings = {\"maxheight\":\"0\",\"thumbCols\":\"0\",\"thumbRows\":\"0\",\"thumbsNavigation\":\"scroll\",\"bgColor\":\"#ffffff\",\"bgAlpha\":\"0\",\"thumbWidth\":\"200\",\"thumbHeight\":\"180\",\"thumbWidthMobile\":\"150\",\"thumbHeightMobile\":\"135\",\"thumbsSpacing\":\"8\",\"thumbsVerticalPadding\":\"4\",\"thumbsHorizontalPadding\":\"4\",\"thumbsAlign\":\"center\",\"thumbScale\":\"1\",\"thumbBG\":\"#ffffff\",\"thumbAlpha\":\"90\",\"thumbAlphaHover\":\"100\",\"thumbBorderSize\":\"1\",\"thumbBorderColor\":\"#cccccc\",\"thumbPadding\":\"2\",\"thumbsInfo\":\"label\",\"labelOnHover\":\"1\",\"labelTextColor\":\"#ffffff\",\"labelLinkColor\":\"#e7e179\",\"label8TextColor\":\"#0b0b0b\",\"label8LinkColor\":\"#3695E7\",\"tooltipTextColor\":\"#0b0b0b\",\"tooltipBgColor\":\"#ffffff\",\"tooltipStrokeColor\":\"#000000\",\"lightboxControlsColor\":\"#ffffff\",\"lightboxTitleColor\":\"#f3f3f3\",\"lightboxTextColor\":\"#f3f3f3\",\"lightboxBGColor\":\"#0b0b0b\",\"lightboxBGAlpha\":\"80\",\"socialShareEnabled\":\"1\",\"deepLinks\":\"1\",\"sidebarBGColor\":\"#ffffff\",\"lightbox800HideArrows\":\"0\",\"viewsEnabled\":\"1\",\"likesEnabled\":\"1\",\"thumb2link\":\"0\",\"show_title\":\"1\",\"initRPdelay\":\"200\",\"key\":\"\",\"name\":\"\",\"mfp_css\":\"\\r\\n#mfp_gm_sc2_4 .mfp-arrow-right:after,\\r\\n#mfp_gm_sc2_4 .mfp-arrow-right .mfp-a {border-left-color:#ffffff;}\\r\\n#mfp_gm_sc2_4 .mfp-arrow-left:after,\\r\\n#mfp_gm_sc2_4 .mfp-arrow-left .mfp-a {border-right-color:#ffffff;}\\r\\n#mfp_gm_sc2_4 .mfp-close,\\r\\n#mfp_gm_sc2_4 .mfp-likes,\\r\\n#mfp_gm_sc2_4 .mfp-share {color:#ffffff;}\\r\\n#mfp_gm_sc2_4 .mfp-preloader {background-color:#ffffff;}\\r\\n#mfp_gm_sc2_4 .flagPhantom_title,\\r\\n#mfp_gm_sc2_4 .mfp-counter {color:#f3f3f3;}\\r\\n#mfp_gm_sc2_4 .flagPhantom_text {color:#f3f3f3;}\\r\\n#mfp_gm_sc2_4_bg.mfp-bg {background-color:#0b0b0b;}\\r\\n#mfp_gm_sc2_4_bg.mfp-bg {opacity:0.8;}\\r\\n#mfp_gm_sc2_4_bg.mfp-zoom-in.mfp-bg {opacity:0}\\r\\n#mfp_gm_sc2_4_bg.mfp-zoom-in.mfp-ready.mfp-bg {opacity:0.8;}\\r\\n#mfp_gm_sc2_4_bg.mfp-zoom-in.mfp-removing.mfp-bg {opacity:0}\"}; jQuery('#FlaGallery_sc2_4').flagPhantom([settings]); }); <\/script><\/div><noscript id=\"noscript_FlaGallery_sc2_4\"><\/noscript><\/p>","protected":false},"excerpt":{"rendered":"<p>Venez d\u00e9couvrir l&rsquo;univers de Nelan&rsquo;Dil sur l&rsquo;App Store iTunes Nelan&rsquo;Dil Artworks\u00a0est la premi\u00e8re application d&rsquo;un projet lanc\u00e9 par Kleio Interactive consistant en une plateforme d&rsquo;expression pour artiste. Cette application se pr\u00e9sente sous la forme d&rsquo;une biblioth\u00e8que de recueils de dessins ou de photos avec mini jeux. Nelan&rsquo;Dil Artworks\u00a0vous permet de d\u00e9couvrir les oeuvres de l&rsquo;artiste [&hellip;]<\/p>\n","protected":false},"author":1,"featured_media":0,"parent":0,"menu_order":0,"comment_status":"closed","ping_status":"closed","template":"","meta":[],"_links":{"self":[{"href":"https:\/\/www.kleio-interactive.com\/index.php?rest_route=\/wp\/v2\/pages\/23"}],"collection":[{"href":"https:\/\/www.kleio-interactive.com\/index.php?rest_route=\/wp\/v2\/pages"}],"about":[{"href":"https:\/\/www.kleio-interactive.com\/index.php?rest_route=\/wp\/v2\/types\/page"}],"author":[{"embeddable":true,"href":"https:\/\/www.kleio-interactive.com\/index.php?rest_route=\/wp\/v2\/users\/1"}],"replies":[{"embeddable":true,"href":"https:\/\/www.kleio-interactive.com\/index.php?rest_route=%2Fwp%2Fv2%2Fcomments&post=23"}],"version-history":[{"count":6,"href":"https:\/\/www.kleio-interactive.com\/index.php?rest_route=\/wp\/v2\/pages\/23\/revisions"}],"predecessor-version":[{"id":291,"href":"https:\/\/www.kleio-interactive.com\/index.php?rest_route=\/wp\/v2\/pages\/23\/revisions\/291"}],"wp:attachment":[{"href":"https:\/\/www.kleio-interactive.com\/index.php?rest_route=%2Fwp%2Fv2%2Fmedia&parent=23"}],"curies":[{"name":"wp","href":"https:\/\/api.w.org\/{rel}","templated":true}]}}